{"id":3,"date":"2024-08-22T08:55:17","date_gmt":"2024-08-22T08:55:17","guid":{"rendered":"https:\/\/annecybeerfest.org\/?page_id=3"},"modified":"2025-08-19T10:53:49","modified_gmt":"2025-08-19T08:53:49","slug":"privacy-policy","status":"publish","type":"page","link":"http:\/\/annecybeerfest.org\/en\/annecy-beer-fest\/privacy-policy\/","title":{"rendered":"Privacy Policy"},"content":{"rendered":"[et_pb_section fb_built=\u00a0\u00bb1&Prime; admin_label=\u00a0\u00bbsection\u00a0\u00bb _builder_version=\u00a0\u00bb4.27.4&Prime; hover_enabled=\u00a0\u00bb0&Prime; global_colors_info=\u00a0\u00bb{}\u00a0\u00bb background_color=\u00a0\u00bb#E5AB92&Prime; sticky_enabled=\u00a0\u00bb0&Prime;][et_pb_row admin_label=\u00a0\u00bbrow\u00a0\u00bb _builder_version=\u00a0\u00bb4.16&Prime; background_size=\u00a0\u00bbinitial\u00a0\u00bb background_position=\u00a0\u00bbtop_left\u00a0\u00bb background_repeat=\u00a0\u00bbrepeat\u00a0\u00bb global_colors_info=\u00a0\u00bb{}\u00a0\u00bb][et_pb_column type=\u00a0\u00bb4_4&Prime; _builder_version=\u00a0\u00bb4.16&Prime; custom_padding=\u00a0\u00bb|||\u00a0\u00bb global_colors_info=\u00a0\u00bb{}\u00a0\u00bb custom_padding__hover=\u00a0\u00bb|||\u00a0\u00bb][et_pb_text admin_label=\u00a0\u00bbText\u00a0\u00bb _builder_version=\u00a0\u00bb4.27.4&Prime; background_size=\u00a0\u00bbinitial\u00a0\u00bb background_position=\u00a0\u00bbtop_left\u00a0\u00bb background_repeat=\u00a0\u00bbrepeat\u00a0\u00bb hover_enabled=\u00a0\u00bb0&Prime; global_colors_info=\u00a0\u00bb{}\u00a0\u00bb sticky_enabled=\u00a0\u00bb0&Prime;]<p><\/p>\n<p><strong>Pr\u00e9sentation<\/strong><em><\/em><\/p>\n<p>Ce site est la propri\u00e9t\u00e9 du Rotary Club Annecy, Association Loi 1901, Siret n\u00b079247998200011 dont l\u2019adresse est 1 Place Marie Curie 74000 Annecy et le mail annecy.rotary1780@gmail.com.<\/p>\n<p>Ce site est h\u00e9berg\u00e9 sur Ionos, dont l\u2019adresse est I<span>ONOS SARL &#8211; <\/span>7, place de la Gare, BP 70109, 57200 Sarreguemines Cedex,\u00a0431 303 775 RCS Sarreguemines, t\u00e9l. : 0970 808 911, info@IONOS.fr.<\/p>\n<p>&nbsp;<\/p>\n<p><strong>Propri\u00e9t\u00e9<\/strong><\/p>\n<p>L&rsquo;int\u00e9gralit\u00e9 du site est la propri\u00e9t\u00e9 exclusive du Rotary Club Annecy. Aucune reproduction ou repr\u00e9sentation ne peut avoir lieu sans le consentement \u00e9crit et pr\u00e9alable du Rotary Club Annecy.<\/p>\n<p>&nbsp;<\/p>\n<p><strong>Cr\u00e9dits Visuels<\/strong><\/p>\n<p>Les visuels ont \u00e9t\u00e9 r\u00e9alis\u00e9s par Milodon Show. Les visuels utilis\u00e9es dans ce site font l\u2019objet de droits r\u00e9serv\u00e9s. Ils ne peuvent pas \u00eatre utilis\u00e9s ou dupliqu\u00e9s sans l\u2019autorisation \u00e9crite du Rotary Club Annecy et de leur auteur Milodon Show.<\/p>\n<p>&nbsp;<\/p>\n<p><strong>Limitation de responsabilit\u00e9<\/strong><\/p>\n<p>L&rsquo;ensemble des donn\u00e9es ou informartion de ce site sont uniquement fournis \u00e0 titre indicatif et informatif. Il vous appartient de les v\u00e9rifier. En aucun cas, nous ne saurions \u00eatre tenus pour responsables des erreurs, omissions, alt\u00e9rations ou d\u00e9lais de mise \u00e0 jour des informations disponibles sur ce site et de leurs \u00e9ventuelles cons\u00e9quences dans le cadre de leur utilisation. Le Rotary Club Annecy se r\u00e9serve le droit de corriger, \u00e0 tout moment et sans pr\u00e9avis, le contenu.<\/p>\n<p>&nbsp;<\/p>\n<p><strong>Confidentialit\u00e9 des donn\u00e9es personnelles<\/strong><br \/><strong><br \/><\/strong>Ce site respecte la confidentialit\u00e9 des donn\u00e9es personnelles. \u00c0 ce titre, les informations recueillies dans notre formulaire sont strictement confidentielles et ne sont en aucun cas divulgu\u00e9es \u00e0 des tiers. Les donn\u00e9es nominatives enregistr\u00e9es sur ce site seront stock\u00e9es et utilis\u00e9es conform\u00e9ment \u00e0 la loi du 6 janvier 1978 relative \u00e0 l&rsquo;informatique et aux libert\u00e9s. Les utilisateurs de ce site disposent d&rsquo;un droit d&rsquo;acc\u00e8s, de rectification et de suppression des donn\u00e9es les concernant, qu&rsquo;ils peuvent exercer aupr\u00e8s de l&rsquo;adresse annecy.rotary1780@gmail.com.<\/p>\n<p>&nbsp;<\/p>\n<p><strong>Vente de billets<br \/><\/strong><\/p>\n<p>Les conditions g\u00e9n\u00e9rales de vente sont celles appliqu\u00e9es par la boutique Hello Asso cr\u00e9\u00e9e sur ce site par le Rotary Club Annecy. Les prix, frais et d\u00e9lai livraison, modalit\u00e9s de paiement, service apr\u00e8s-vente, droit de r\u00e9tractation, dur\u00e9e de l&rsquo;offre, sont pr\u00e9cis\u00e9s par Hello Asso.<\/p>\n<p>&nbsp;<\/p>\n<p><strong>Cookies<\/strong><\/p>\n<p>Ce site utilise des cookies afin de r\u00e9aliser des statistiques anonymes des visites du site. Il s&rsquo;agit exclusivement des cookies dits \u00ab\u00a0strictement n\u00e9cessaires\u00a0\u00bb, qui ne n\u00e9cessitent pas de consentement pr\u00e9alable de la part de l&rsquo;internaute. L&rsquo;internaute peut les d\u00e9sactiver depuis son navigateur ou utiliser le mode de navigation priv\u00e9e de son navigateur.<\/p>\n<p>&nbsp;<\/p>\n<p><\/p>[\/et_pb_text][\/et_pb_column][\/et_pb_row][\/et_pb_section]","protected":false},"excerpt":{"rendered":"<p>Pr\u00e9sentation Ce site est la propri\u00e9t\u00e9 du Rotary Club Annecy, Association Loi 1901, Siret n\u00b079247998200011 dont l\u2019adresse est 1 Place Marie Curie 74000 Annecy et le mail annecy.rotary1780@gmail.com. Ce site est h\u00e9berg\u00e9 sur Ionos, dont l\u2019adresse est IONOS SARL &#8211; 7, place de la Gare, BP 70109, 57200 Sarreguemines Cedex,\u00a0431 303 775 RCS Sarreguemines, t\u00e9l. [&hellip;]<\/p>\n","protected":false},"author":1,"featured_media":0,"parent":2,"menu_order":0,"comment_status":"closed","ping_status":"closed","template":"","meta":{"_et_pb_use_builder":"on","_et_pb_old_content":"<!-- wp:heading -->\n<h2 class=\"wp-block-heading\">Who we are<\/h2>\n<!-- \/wp:heading -->\n<!-- wp:paragraph -->\n<p><strong class=\"privacy-policy-tutorial\">Suggested text: <\/strong>Our website address is: http:\/\/annecybeerfest.org.<\/p>\n<!-- \/wp:paragraph -->\n<!-- wp:heading -->\n<h2 class=\"wp-block-heading\">Comments<\/h2>\n<!-- \/wp:heading -->\n<!-- wp:paragraph -->\n<p><strong class=\"privacy-policy-tutorial\">Suggested text: <\/strong>When visitors leave comments on the site we collect the data shown in the comments form, and also the visitor&#8217;s IP address and browser user agent string to help spam detection.<\/p>\n<!-- \/wp:paragraph -->\n<!-- wp:paragraph -->\n<p>An anonymized string created from your email address (also called a hash) may be provided to the Gravatar service to see if you are using it. The Gravatar service privacy policy is available here: https:\/\/automattic.com\/privacy\/. After approval of your comment, your profile picture is visible to the public in the context of your comment.<\/p>\n<!-- \/wp:paragraph -->\n<!-- wp:heading -->\n<h2 class=\"wp-block-heading\">Media<\/h2>\n<!-- \/wp:heading -->\n<!-- wp:paragraph -->\n<p><strong class=\"privacy-policy-tutorial\">Suggested text: <\/strong>If you upload images to the website, you should avoid uploading images with embedded location data (EXIF GPS) included. Visitors to the website can download and extract any location data from images on the website.<\/p>\n<!-- \/wp:paragraph -->\n<!-- wp:heading -->\n<h2 class=\"wp-block-heading\">Cookies<\/h2>\n<!-- \/wp:heading -->\n<!-- wp:paragraph -->\n<p><strong class=\"privacy-policy-tutorial\">Suggested text: <\/strong>If you leave a comment on our site you may opt-in to saving your name, email address and website in cookies. These are for your convenience so that you do not have to fill in your details again when you leave another comment. These cookies will last for one year.<\/p>\n<!-- \/wp:paragraph -->\n<!-- wp:paragraph -->\n<p>If you visit our login page, we will set a temporary cookie to determine if your browser accepts cookies. This cookie contains no personal data and is discarded when you close your browser.<\/p>\n<!-- \/wp:paragraph -->\n<!-- wp:paragraph -->\n<p>When you log in, we will also set up several cookies to save your login information and your screen display choices. Login cookies last for two days, and screen options cookies last for a year. If you select &quot;Remember Me&quot;, your login will persist for two weeks. If you log out of your account, the login cookies will be removed.<\/p>\n<!-- \/wp:paragraph -->\n<!-- wp:paragraph -->\n<p>If you edit or publish an article, an additional cookie will be saved in your browser. This cookie includes no personal data and simply indicates the post ID of the article you just edited. It expires after 1 day.<\/p>\n<!-- \/wp:paragraph -->\n<!-- wp:heading -->\n<h2 class=\"wp-block-heading\">Embedded content from other websites<\/h2>\n<!-- \/wp:heading -->\n<!-- wp:paragraph -->\n<p><strong class=\"privacy-policy-tutorial\">Suggested text: <\/strong>Articles on this site may include embedded content (e.g. videos, images, articles, etc.). Embedded content from other websites behaves in the exact same way as if the visitor has visited the other website.<\/p>\n<!-- \/wp:paragraph -->\n<!-- wp:paragraph -->\n<p>These websites may collect data about you, use cookies, embed additional third-party tracking, and monitor your interaction with that embedded content, including tracking your interaction with the embedded content if you have an account and are logged in to that website.<\/p>\n<!-- \/wp:paragraph -->\n<!-- wp:heading -->\n<h2 class=\"wp-block-heading\">Who we share your data with<\/h2>\n<!-- \/wp:heading -->\n<!-- wp:paragraph -->\n<p><strong class=\"privacy-policy-tutorial\">Suggested text: <\/strong>If you request a password reset, your IP address will be included in the reset email.<\/p>\n<!-- \/wp:paragraph -->\n<!-- wp:heading -->\n<h2 class=\"wp-block-heading\">How long we retain your data<\/h2>\n<!-- \/wp:heading -->\n<!-- wp:paragraph -->\n<p><strong class=\"privacy-policy-tutorial\">Suggested text: <\/strong>If you leave a comment, the comment and its metadata are retained indefinitely. This is so we can recognize and approve any follow-up comments automatically instead of holding them in a moderation queue.<\/p>\n<!-- \/wp:paragraph -->\n<!-- wp:paragraph -->\n<p>For users that register on our website (if any), we also store the personal information they provide in their user profile. All users can see, edit, or delete their personal information at any time (except they cannot change their username). Website administrators can also see and edit that information.<\/p>\n<!-- \/wp:paragraph -->\n<!-- wp:heading -->\n<h2 class=\"wp-block-heading\">What rights you have over your data<\/h2>\n<!-- \/wp:heading -->\n<!-- wp:paragraph -->\n<p><strong class=\"privacy-policy-tutorial\">Suggested text: <\/strong>If you have an account on this site, or have left comments, you can request to receive an exported file of the personal data we hold about you, including any data you have provided to us. You can also request that we erase any personal data we hold about you. This does not include any data we are obliged to keep for administrative, legal, or security purposes.<\/p>\n<!-- \/wp:paragraph -->\n<!-- wp:heading -->\n<h2 class=\"wp-block-heading\">Where your data is sent<\/h2>\n<!-- \/wp:heading -->\n<!-- wp:paragraph -->\n<p><strong class=\"privacy-policy-tutorial\">Suggested text: <\/strong>Visitor comments may be checked through an automated spam detection service.<\/p>\n<!-- \/wp:paragraph -->\n","_et_gb_content_width":"","_monsterinsights_skip_tracking":false,"_monsterinsights_sitenote_active":false,"_monsterinsights_sitenote_note":"","_monsterinsights_sitenote_category":0,"footnotes":""},"class_list":["post-3","page","type-page","status-publish","hentry"],"yoast_head":"<!-- This site is optimized with the Yoast SEO plugin v27.5 - https:\/\/yoast.com\/product\/yoast-seo-wordpress\/ -->\n<title>Annecy Beer Fest - l&#039;\u00e9v\u00e9nement bi\u00e8re - 7 et 8 novembre 2025 - Espace Rencontre<\/title>\n<meta name=\"description\" content=\"D\u00e9gustation et Vente de Bi\u00e8res artisanales \/ Craft Beer. Plus de 20 brasseries, micro-brasseries et sp\u00e9cialistes de la r\u00e9gion. Animations : Tatoueurs, Stand Photo, DJ Set, Restauration. Tarifs pr\u00e9vente (jusqu&#039;au 1er novembre) : 7\u20ac (inclus 1 d\u00e9gustation) \/ R\u00e9servation Choucroute Royale : 17 \u20ac.\" \/>\n<meta name=\"robots\" content=\"index, follow, max-snippet:-1, max-image-preview:large, max-video-preview:-1\" \/>\n<link rel=\"canonical\" href=\"https:\/\/annecybeerfest.org\/en\/annecy-beer-fest\/privacy-policy\/\" \/>\n<meta property=\"og:locale\" content=\"en_GB\" \/>\n<meta property=\"og:type\" content=\"article\" \/>\n<meta property=\"og:title\" content=\"Annecy Beer Fest - l&#039;\u00e9v\u00e9nement bi\u00e8re - 7 et 8 novembre 2025 - Espace Rencontre\" \/>\n<meta property=\"og:description\" content=\"D\u00e9gustation et Vente de Bi\u00e8res artisanales \/ Craft Beer. Plus de 20 brasseries, micro-brasseries et sp\u00e9cialistes de la r\u00e9gion. Animations : Tatoueurs, Stand Photo, DJ Set, Restauration. Tarifs pr\u00e9vente (jusqu&#039;au 1er novembre) : 7\u20ac (inclus 1 d\u00e9gustation) \/ R\u00e9servation Choucroute Royale : 17 \u20ac.\" \/>\n<meta property=\"og:url\" content=\"https:\/\/annecybeerfest.org\/en\/annecy-beer-fest\/privacy-policy\/\" \/>\n<meta property=\"og:site_name\" content=\"Annecy Beer Fest\" \/>\n<meta property=\"article:publisher\" content=\"https:\/\/www.facebook.com\/AnnecyBeerFest\" \/>\n<meta property=\"article:modified_time\" content=\"2025-08-19T08:53:49+00:00\" \/>\n<meta property=\"og:image\" content=\"http:\/\/annecybeerfest.org\/wp-content\/uploads\/2025\/08\/Home-page-Annecy-Beer-Fest-2-Horizontal-avec-logo-mentions.jpg\" \/>\n\t<meta property=\"og:image:width\" content=\"640\" \/>\n\t<meta property=\"og:image:height\" content=\"480\" \/>\n\t<meta property=\"og:image:type\" content=\"image\/jpeg\" \/>\n<meta name=\"twitter:card\" content=\"summary_large_image\" \/>\n<meta name=\"twitter:label1\" content=\"Estimated reading time\" \/>\n\t<meta name=\"twitter:data1\" content=\"3 minutes\" \/>\n<script type=\"application\/ld+json\" class=\"yoast-schema-graph\">{\"@context\":\"https:\\\/\\\/schema.org\",\"@graph\":[{\"@type\":\"WebPage\",\"@id\":\"https:\\\/\\\/annecybeerfest.org\\\/annecy-beer-fest\\\/privacy-policy\\\/\",\"url\":\"https:\\\/\\\/annecybeerfest.org\\\/annecy-beer-fest\\\/privacy-policy\\\/\",\"name\":\"Annecy Beer Fest - l'\u00e9v\u00e9nement bi\u00e8re - 7 et 8 novembre 2025 - Espace Rencontre\",\"isPartOf\":{\"@id\":\"http:\\\/\\\/annecybeerfest.org\\\/#website\"},\"datePublished\":\"2024-08-22T08:55:17+00:00\",\"dateModified\":\"2025-08-19T08:53:49+00:00\",\"description\":\"D\u00e9gustation et Vente de Bi\u00e8res artisanales \\\/ Craft Beer. Plus de 20 brasseries, micro-brasseries et sp\u00e9cialistes de la r\u00e9gion. Animations : Tatoueurs, Stand Photo, DJ Set, Restauration. Tarifs pr\u00e9vente (jusqu'au 1er novembre) : 7\u20ac (inclus 1 d\u00e9gustation) \\\/ R\u00e9servation Choucroute Royale : 17 \u20ac.\",\"breadcrumb\":{\"@id\":\"https:\\\/\\\/annecybeerfest.org\\\/annecy-beer-fest\\\/privacy-policy\\\/#breadcrumb\"},\"inLanguage\":\"en-GB\",\"potentialAction\":[{\"@type\":\"ReadAction\",\"target\":[\"https:\\\/\\\/annecybeerfest.org\\\/annecy-beer-fest\\\/privacy-policy\\\/\"]}]},{\"@type\":\"BreadcrumbList\",\"@id\":\"https:\\\/\\\/annecybeerfest.org\\\/annecy-beer-fest\\\/privacy-policy\\\/#breadcrumb\",\"itemListElement\":[{\"@type\":\"ListItem\",\"position\":1,\"name\":\"Home\",\"item\":\"http:\\\/\\\/annecybeerfest.org\\\/\"},{\"@type\":\"ListItem\",\"position\":2,\"name\":\"Annecy Beer Fest\",\"item\":\"http:\\\/\\\/annecybeerfest.org\\\/\"},{\"@type\":\"ListItem\",\"position\":3,\"name\":\"Privacy Policy\"}]},{\"@type\":\"WebSite\",\"@id\":\"http:\\\/\\\/annecybeerfest.org\\\/#website\",\"url\":\"http:\\\/\\\/annecybeerfest.org\\\/\",\"name\":\"Annecy Beer Fest\",\"description\":\"l&#039;\u00e9v\u00e8nement bi\u00e8re\",\"publisher\":{\"@id\":\"http:\\\/\\\/annecybeerfest.org\\\/#organization\"},\"potentialAction\":[{\"@type\":\"SearchAction\",\"target\":{\"@type\":\"EntryPoint\",\"urlTemplate\":\"http:\\\/\\\/annecybeerfest.org\\\/?s={search_term_string}\"},\"query-input\":{\"@type\":\"PropertyValueSpecification\",\"valueRequired\":true,\"valueName\":\"search_term_string\"}}],\"inLanguage\":\"en-GB\"},{\"@type\":\"Organization\",\"@id\":\"http:\\\/\\\/annecybeerfest.org\\\/#organization\",\"name\":\"Annecy Beer Fest\",\"url\":\"http:\\\/\\\/annecybeerfest.org\\\/\",\"logo\":{\"@type\":\"ImageObject\",\"inLanguage\":\"en-GB\",\"@id\":\"http:\\\/\\\/annecybeerfest.org\\\/#\\\/schema\\\/logo\\\/image\\\/\",\"url\":\"https:\\\/\\\/annecybeerfest.org\\\/wp-content\\\/uploads\\\/2025\\\/08\\\/cropped-Annecy-Beer-Fest-2-favicon.jpg\",\"contentUrl\":\"https:\\\/\\\/annecybeerfest.org\\\/wp-content\\\/uploads\\\/2025\\\/08\\\/cropped-Annecy-Beer-Fest-2-favicon.jpg\",\"width\":512,\"height\":512,\"caption\":\"Annecy Beer Fest\"},\"image\":{\"@id\":\"http:\\\/\\\/annecybeerfest.org\\\/#\\\/schema\\\/logo\\\/image\\\/\"},\"sameAs\":[\"https:\\\/\\\/www.facebook.com\\\/AnnecyBeerFest\",\"https:\\\/\\\/www.instagram.com\\\/annecy_beer_fest\\\/\",\"https:\\\/\\\/www.linkedin.com\\\/company\\\/annecy-beer-fest\"]}]}<\/script>\n<!-- \/ Yoast SEO plugin. -->","yoast_head_json":{"title":"Annecy Beer Fest - l'\u00e9v\u00e9nement bi\u00e8re - 7 et 8 novembre 2025 - Espace Rencontre","description":"D\u00e9gustation et Vente de Bi\u00e8res artisanales \/ Craft Beer. Plus de 20 brasseries, micro-brasseries et sp\u00e9cialistes de la r\u00e9gion. Animations : Tatoueurs, Stand Photo, DJ Set, Restauration. Tarifs pr\u00e9vente (jusqu'au 1er novembre) : 7\u20ac (inclus 1 d\u00e9gustation) \/ R\u00e9servation Choucroute Royale : 17 \u20ac.","robots":{"index":"index","follow":"follow","max-snippet":"max-snippet:-1","max-image-preview":"max-image-preview:large","max-video-preview":"max-video-preview:-1"},"canonical":"https:\/\/annecybeerfest.org\/en\/annecy-beer-fest\/privacy-policy\/","og_locale":"en_GB","og_type":"article","og_title":"Annecy Beer Fest - l'\u00e9v\u00e9nement bi\u00e8re - 7 et 8 novembre 2025 - Espace Rencontre","og_description":"D\u00e9gustation et Vente de Bi\u00e8res artisanales \/ Craft Beer. Plus de 20 brasseries, micro-brasseries et sp\u00e9cialistes de la r\u00e9gion. Animations : Tatoueurs, Stand Photo, DJ Set, Restauration. Tarifs pr\u00e9vente (jusqu'au 1er novembre) : 7\u20ac (inclus 1 d\u00e9gustation) \/ R\u00e9servation Choucroute Royale : 17 \u20ac.","og_url":"https:\/\/annecybeerfest.org\/en\/annecy-beer-fest\/privacy-policy\/","og_site_name":"Annecy Beer Fest","article_publisher":"https:\/\/www.facebook.com\/AnnecyBeerFest","article_modified_time":"2025-08-19T08:53:49+00:00","og_image":[{"width":640,"height":480,"url":"http:\/\/annecybeerfest.org\/wp-content\/uploads\/2025\/08\/Home-page-Annecy-Beer-Fest-2-Horizontal-avec-logo-mentions.jpg","type":"image\/jpeg"}],"twitter_card":"summary_large_image","twitter_misc":{"Estimated reading time":"3 minutes"},"schema":{"@context":"https:\/\/schema.org","@graph":[{"@type":"WebPage","@id":"https:\/\/annecybeerfest.org\/annecy-beer-fest\/privacy-policy\/","url":"https:\/\/annecybeerfest.org\/annecy-beer-fest\/privacy-policy\/","name":"Annecy Beer Fest - l'\u00e9v\u00e9nement bi\u00e8re - 7 et 8 novembre 2025 - Espace Rencontre","isPartOf":{"@id":"http:\/\/annecybeerfest.org\/#website"},"datePublished":"2024-08-22T08:55:17+00:00","dateModified":"2025-08-19T08:53:49+00:00","description":"D\u00e9gustation et Vente de Bi\u00e8res artisanales \/ Craft Beer. Plus de 20 brasseries, micro-brasseries et sp\u00e9cialistes de la r\u00e9gion. Animations : Tatoueurs, Stand Photo, DJ Set, Restauration. Tarifs pr\u00e9vente (jusqu'au 1er novembre) : 7\u20ac (inclus 1 d\u00e9gustation) \/ R\u00e9servation Choucroute Royale : 17 \u20ac.","breadcrumb":{"@id":"https:\/\/annecybeerfest.org\/annecy-beer-fest\/privacy-policy\/#breadcrumb"},"inLanguage":"en-GB","potentialAction":[{"@type":"ReadAction","target":["https:\/\/annecybeerfest.org\/annecy-beer-fest\/privacy-policy\/"]}]},{"@type":"BreadcrumbList","@id":"https:\/\/annecybeerfest.org\/annecy-beer-fest\/privacy-policy\/#breadcrumb","itemListElement":[{"@type":"ListItem","position":1,"name":"Home","item":"http:\/\/annecybeerfest.org\/"},{"@type":"ListItem","position":2,"name":"Annecy Beer Fest","item":"http:\/\/annecybeerfest.org\/"},{"@type":"ListItem","position":3,"name":"Privacy Policy"}]},{"@type":"WebSite","@id":"http:\/\/annecybeerfest.org\/#website","url":"http:\/\/annecybeerfest.org\/","name":"Annecy Beer Fest","description":"l&#039;\u00e9v\u00e8nement bi\u00e8re","publisher":{"@id":"http:\/\/annecybeerfest.org\/#organization"},"potentialAction":[{"@type":"SearchAction","target":{"@type":"EntryPoint","urlTemplate":"http:\/\/annecybeerfest.org\/?s={search_term_string}"},"query-input":{"@type":"PropertyValueSpecification","valueRequired":true,"valueName":"search_term_string"}}],"inLanguage":"en-GB"},{"@type":"Organization","@id":"http:\/\/annecybeerfest.org\/#organization","name":"Annecy Beer Fest","url":"http:\/\/annecybeerfest.org\/","logo":{"@type":"ImageObject","inLanguage":"en-GB","@id":"http:\/\/annecybeerfest.org\/#\/schema\/logo\/image\/","url":"https:\/\/annecybeerfest.org\/wp-content\/uploads\/2025\/08\/cropped-Annecy-Beer-Fest-2-favicon.jpg","contentUrl":"https:\/\/annecybeerfest.org\/wp-content\/uploads\/2025\/08\/cropped-Annecy-Beer-Fest-2-favicon.jpg","width":512,"height":512,"caption":"Annecy Beer Fest"},"image":{"@id":"http:\/\/annecybeerfest.org\/#\/schema\/logo\/image\/"},"sameAs":["https:\/\/www.facebook.com\/AnnecyBeerFest","https:\/\/www.instagram.com\/annecy_beer_fest\/","https:\/\/www.linkedin.com\/company\/annecy-beer-fest"]}]}},"_links":{"self":[{"href":"http:\/\/annecybeerfest.org\/en\/wp-json\/wp\/v2\/pages\/3","targetHints":{"allow":["GET"]}}],"collection":[{"href":"http:\/\/annecybeerfest.org\/en\/wp-json\/wp\/v2\/pages"}],"about":[{"href":"http:\/\/annecybeerfest.org\/en\/wp-json\/wp\/v2\/types\/page"}],"author":[{"embeddable":true,"href":"http:\/\/annecybeerfest.org\/en\/wp-json\/wp\/v2\/users\/1"}],"replies":[{"embeddable":true,"href":"http:\/\/annecybeerfest.org\/en\/wp-json\/wp\/v2\/comments?post=3"}],"version-history":[{"count":6,"href":"http:\/\/annecybeerfest.org\/en\/wp-json\/wp\/v2\/pages\/3\/revisions"}],"predecessor-version":[{"id":1378,"href":"http:\/\/annecybeerfest.org\/en\/wp-json\/wp\/v2\/pages\/3\/revisions\/1378"}],"up":[{"embeddable":true,"href":"http:\/\/annecybeerfest.org\/en\/wp-json\/wp\/v2\/pages\/2"}],"wp:attachment":[{"href":"http:\/\/annecybeerfest.org\/en\/wp-json\/wp\/v2\/media?parent=3"}],"curies":[{"name":"wp","href":"https:\/\/api.w.org\/{rel}","templated":true}]}}